{"id":819,"date":"2019-01-23T06:31:06","date_gmt":"2019-01-23T06:31:06","guid":{"rendered":"https:\/\/estudiojuridicomaya.com\/?page_id=819"},"modified":"2020-09-14T21:39:03","modified_gmt":"2020-09-15T02:39:03","slug":"home","status":"publish","type":"page","link":"https:\/\/estudiojuridicomaya.com\/en\/","title":{"rendered":"Home"},"content":{"rendered":"<div data-elementor-type=\"wp-post\" data-elementor-id=\"819\" class=\"elementor elementor-819\">\n\t\t\t\t\t\t\t\t\t<section class=\"elementor-section elementor-top-section elementor-element elementor-element-152633a elementor-section-full_width elementor-section-height-full elementor-section-height-default elementor-section-items-middle\" data-id=\"152633a\" data-element_type=\"section\">\n\t\t\t\t\t\t<div class=\"elementor-container elementor-column-gap-no\">\n\t\t\t\t\t<div class=\"elementor-column elementor-col-100 elementor-top-column elementor-element elementor-element-09cd8df\" data-id=\"09cd8df\" data-element_type=\"column\">\n\t\t\t<div class=\"elementor-widget-wrap\">\n\t\t\t\t\t\t\t\t\t<\/div>\n\t\t<\/div>\n\t\t\t\t\t\t\t<\/div>\n\t\t<\/section>\n\t\t\t\t<section class=\"elementor-section elementor-top-section elementor-element elementor-element-ca8993c elementor-section-boxed elementor-section-height-default elementor-section-height-default\" data-id=\"ca8993c\" data-element_type=\"section\">\n\t\t\t\t\t\t<div class=\"elementor-container elementor-column-gap-default\">\n\t\t\t\t\t<div class=\"elementor-column elementor-col-50 elementor-top-column elementor-element elementor-element-0d161af\" data-id=\"0d161af\" data-element_type=\"column\">\n\t\t\t<div class=\"elementor-widget-wrap elementor-element-populated\">\n\t\t\t\t\t\t\t\t<div class=\"elementor-element elementor-element-10cd30c elementor-widget elementor-widget-image\" data-id=\"10cd30c\" data-element_type=\"widget\" data-widget_type=\"image.default\">\n\t\t\t\t<div class=\"elementor-widget-container\">\n\t\t\t\t\t\t\t\t\t\t\t\t\t\t\t<img decoding=\"async\" width=\"601\" height=\"224\" src=\"https:\/\/i0.wp.com\/estudiojuridicomaya.com\/wp-content\/uploads\/2020\/08\/logo-1-1.png?fit=601%2C224&amp;ssl=1\" class=\"attachment-large size-large wp-image-1098\" alt=\"\" loading=\"lazy\" srcset=\"https:\/\/i0.wp.com\/estudiojuridicomaya.com\/wp-content\/uploads\/2020\/08\/logo-1-1.png?w=601&amp;ssl=1 601w, https:\/\/i0.wp.com\/estudiojuridicomaya.com\/wp-content\/uploads\/2020\/08\/logo-1-1.png?resize=300%2C112&amp;ssl=1 300w\" sizes=\"(max-width: 601px) 100vw, 601px\" \/>\t\t\t\t\t\t\t\t\t\t\t\t\t\t\t<\/div>\n\t\t\t\t<\/div>\n\t\t\t\t\t<\/div>\n\t\t<\/div>\n\t\t\t\t<div class=\"elementor-column elementor-col-50 elementor-top-column elementor-element elementor-element-78e6fd7\" data-id=\"78e6fd7\" data-element_type=\"column\">\n\t\t\t<div class=\"elementor-widget-wrap elementor-element-populated\">\n\t\t\t\t\t\t\t\t<div class=\"elementor-element elementor-element-9b8bda7 elementor-widget elementor-widget-text-editor\" data-id=\"9b8bda7\" data-element_type=\"widget\" data-widget_type=\"text-editor.default\">\n\t\t\t\t<div class=\"elementor-widget-container\">\n\t\t\t\t\t\t\t\t\t\t\t\t\t<\/div>\n\t\t\t\t<\/div>\n\t\t\t\t<section class=\"elementor-section elementor-inner-section elementor-element elementor-element-b4bc7d4 elementor-section-boxed elementor-section-height-default elementor-section-height-default\" data-id=\"b4bc7d4\" data-element_type=\"section\">\n\t\t\t\t\t\t<div class=\"elementor-container elementor-column-gap-default\">\n\t\t\t\t\t<div class=\"elementor-column elementor-col-100 elementor-inner-column elementor-element elementor-element-d2b0a60\" data-id=\"d2b0a60\" data-element_type=\"column\">\n\t\t\t<div class=\"elementor-widget-wrap elementor-element-populated\">\n\t\t\t\t\t\t\t\t<div class=\"elementor-element elementor-element-dc2b36d elementor-widget elementor-widget-text-editor\" data-id=\"dc2b36d\" data-element_type=\"widget\" data-widget_type=\"text-editor.default\">\n\t\t\t\t<div class=\"elementor-widget-container\">\n\t\t\t\t\t\t\t<p>The Maya y Asociados Law Firm was founded by Dr. Ignacio Maya Mi\u00f1o, in April 1950 in the city of Quito. The tradition of lawyers and the condition of exceptional proceduralists has been followed by his sons Julio Maya Rivadeneira and Germ\u00e1nico Maya Rivadeneira, and now by his grandsons Juan Jos\u00e9 Maya Arroyo and Bernardo Maya Arroyo who head an important group of legal professionals and several established offices. in various cities of Ecuador, from where they serve their clients in civil, criminal, labor, administrative, corporate, tax, aeronautical, etc. areas.<\/p>\t\t\t\t\t\t<\/div>\n\t\t\t\t<\/div>\n\t\t\t\t<div class=\"elementor-element elementor-element-3bb3b2f elementor-align-center elementor-widget elementor-widget-button\" data-id=\"3bb3b2f\" data-element_type=\"widget\" data-widget_type=\"button.default\">\n\t\t\t\t<div class=\"elementor-widget-container\">\n\t\t\t\t\t<div class=\"elementor-button-wrapper\">\n\t\t\t<a class=\"elementor-button elementor-button-link elementor-size-sm\" href=\"https:\/\/estudiojuridicomaya.com\/en\/firma\/\">\n\t\t\t\t\t\t<span class=\"elementor-button-content-wrapper\">\n\t\t\t\t\t\t<span class=\"elementor-button-text\">US <\/span>\n\t\t<\/span>\n\t\t\t\t\t<\/a>\n\t\t<\/div>\n\t\t\t\t<\/div>\n\t\t\t\t<\/div>\n\t\t\t\t\t<\/div>\n\t\t<\/div>\n\t\t\t\t\t\t\t<\/div>\n\t\t<\/section>\n\t\t\t\t\t<\/div>\n\t\t<\/div>\n\t\t\t\t\t\t\t<\/div>\n\t\t<\/section>\n\t\t\t\t<section class=\"elementor-section elementor-top-section elementor-element elementor-element-0781ee0 elementor-section-boxed elementor-section-height-default elementor-section-height-default\" data-id=\"0781ee0\" data-element_type=\"section\">\n\t\t\t\t\t\t<div class=\"elementor-container elementor-column-gap-default\">\n\t\t\t\t\t<div class=\"elementor-column elementor-col-100 elementor-top-column elementor-element elementor-element-6378b00\" data-id=\"6378b00\" data-element_type=\"column\">\n\t\t\t<div class=\"elementor-widget-wrap elementor-element-populated\">\n\t\t\t\t\t\t\t\t<div class=\"elementor-element elementor-element-f0f50fa elementor-widget elementor-widget-heading\" data-id=\"f0f50fa\" data-element_type=\"widget\" data-widget_type=\"heading.default\">\n\t\t\t\t<div class=\"elementor-widget-container\">\n\t\t\t<h2 class=\"elementor-heading-title elementor-size-default\">SERVICES<\/h2>\t\t<\/div>\n\t\t\t\t<\/div>\n\t\t\t\t\t<\/div>\n\t\t<\/div>\n\t\t\t\t\t\t\t<\/div>\n\t\t<\/section>\n\t\t\t\t<section class=\"elementor-section elementor-top-section elementor-element elementor-element-ac4619f elementor-section-height-min-height elementor-section-boxed elementor-section-height-default elementor-section-items-middle\" data-id=\"ac4619f\" data-element_type=\"section\">\n\t\t\t\t\t\t<div class=\"elementor-container elementor-column-gap-default\">\n\t\t\t\t\t<div class=\"elementor-column elementor-col-50 elementor-top-column elementor-element elementor-element-a906e20\" data-id=\"a906e20\" data-element_type=\"column\">\n\t\t\t<div class=\"elementor-widget-wrap elementor-element-populated\">\n\t\t\t\t\t\t\t\t<div class=\"elementor-element elementor-element-6bb0207 elementor-widget elementor-widget-image\" data-id=\"6bb0207\" data-element_type=\"widget\" data-widget_type=\"image.default\">\n\t\t\t\t<div class=\"elementor-widget-container\">\n\t\t\t\t\t\t\t\t\t\t\t\t\t\t\t<img decoding=\"async\" width=\"939\" height=\"1024\" src=\"https:\/\/i0.wp.com\/estudiojuridicomaya.com\/wp-content\/uploads\/2020\/08\/GM.jpg?fit=939%2C1024&amp;ssl=1\" class=\"attachment-large size-large wp-image-1134\" alt=\"\" loading=\"lazy\" srcset=\"https:\/\/i0.wp.com\/estudiojuridicomaya.com\/wp-content\/uploads\/2020\/08\/GM.jpg?w=990&amp;ssl=1 990w, https:\/\/i0.wp.com\/estudiojuridicomaya.com\/wp-content\/uploads\/2020\/08\/GM.jpg?resize=275%2C300&amp;ssl=1 275w, https:\/\/i0.wp.com\/estudiojuridicomaya.com\/wp-content\/uploads\/2020\/08\/GM.jpg?resize=939%2C1024&amp;ssl=1 939w, https:\/\/i0.wp.com\/estudiojuridicomaya.com\/wp-content\/uploads\/2020\/08\/GM.jpg?resize=768%2C838&amp;ssl=1 768w, https:\/\/i0.wp.com\/estudiojuridicomaya.com\/wp-content\/uploads\/2020\/08\/GM.jpg?resize=600%2C655&amp;ssl=1 600w\" sizes=\"(max-width: 939px) 100vw, 939px\" \/>\t\t\t\t\t\t\t\t\t\t\t\t\t\t\t<\/div>\n\t\t\t\t<\/div>\n\t\t\t\t\t<\/div>\n\t\t<\/div>\n\t\t\t\t<div class=\"elementor-column elementor-col-50 elementor-top-column elementor-element elementor-element-57efc2a\" data-id=\"57efc2a\" data-element_type=\"column\" data-settings=\"{&quot;background_background&quot;:&quot;classic&quot;}\">\n\t\t\t<div class=\"elementor-widget-wrap elementor-element-populated\">\n\t\t\t\t\t\t\t\t<div class=\"elementor-element elementor-element-102b92e elementor-widget elementor-widget-text-editor\" data-id=\"102b92e\" data-element_type=\"widget\" data-widget_type=\"text-editor.default\">\n\t\t\t\t<div class=\"elementor-widget-container\">\n\t\t\t\t\t\t\t<p>\u00abLife has to be fought minute by minute, the success of the lawyer is understanding the client and providing solutions to their problems. That's what we do at Maya &amp; Asociados \u00bb<\/p>\t\t\t\t\t\t<\/div>\n\t\t\t\t<\/div>\n\t\t\t\t<div class=\"elementor-element elementor-element-292bdd5 elementor-widget elementor-widget-heading\" data-id=\"292bdd5\" data-element_type=\"widget\" data-widget_type=\"heading.default\">\n\t\t\t\t<div class=\"elementor-widget-container\">\n\t\t\t<h3 class=\"elementor-heading-title elementor-size-default\">Dr. Germ\u00e1nico Maya<\/h3>\t\t<\/div>\n\t\t\t\t<\/div>\n\t\t\t\t\t<\/div>\n\t\t<\/div>\n\t\t\t\t\t\t\t<\/div>\n\t\t<\/section>\n\t\t\t\t<section class=\"elementor-section elementor-top-section elementor-element elementor-element-1bec17d elementor-section-boxed elementor-section-height-default elementor-section-height-default\" data-id=\"1bec17d\" data-element_type=\"section\">\n\t\t\t\t\t\t<div class=\"elementor-container elementor-column-gap-default\">\n\t\t\t\t\t<div class=\"elementor-column elementor-col-100 elementor-top-column elementor-element elementor-element-beb3712\" data-id=\"beb3712\" data-element_type=\"column\">\n\t\t\t<div class=\"elementor-widget-wrap elementor-element-populated\">\n\t\t\t\t\t\t\t\t<div class=\"elementor-element elementor-element-97d3b66 elementor-widget elementor-widget-heading\" data-id=\"97d3b66\" data-element_type=\"widget\" data-widget_type=\"heading.default\">\n\t\t\t\t<div class=\"elementor-widget-container\">\n\t\t\t<h2 class=\"elementor-heading-title elementor-size-default\">OUR TEAM<\/h2>\t\t<\/div>\n\t\t\t\t<\/div>\n\t\t\t\t<div class=\"elementor-element elementor-element-0d64824 elementor-widget elementor-widget-text-editor\" data-id=\"0d64824\" data-element_type=\"widget\" data-widget_type=\"text-editor.default\">\n\t\t\t\t<div class=\"elementor-widget-container\">\n\t\t\t\t\t\t\t<p style=\"text-align: left;\">Our attorneys are experts in the firm's practice areas and provide legal services with the highest standards of excellence. Our team is used to working with lawyers and clients from foreign jurisdictions, which allows us to adequately respond to their needs with the standards they expect.<\/p>\t\t\t\t\t\t<\/div>\n\t\t\t\t<\/div>\n\t\t\t\t\t<\/div>\n\t\t<\/div>\n\t\t\t\t\t\t\t<\/div>\n\t\t<\/section>\n\t\t\t\t<section class=\"elementor-section elementor-top-section elementor-element elementor-element-e7ecb73 elementor-section-boxed elementor-section-height-default elementor-section-height-default\" data-id=\"e7ecb73\" data-element_type=\"section\" data-settings=\"{&quot;background_background&quot;:&quot;classic&quot;}\">\n\t\t\t\t\t\t<div class=\"elementor-container elementor-column-gap-default\">\n\t\t\t\t\t<div class=\"elementor-column elementor-col-50 elementor-top-column elementor-element elementor-element-a9266eb\" data-id=\"a9266eb\" data-element_type=\"column\">\n\t\t\t<div class=\"elementor-widget-wrap\">\n\t\t\t\t\t\t\t\t\t<\/div>\n\t\t<\/div>\n\t\t\t\t<div class=\"elementor-column elementor-col-50 elementor-top-column elementor-element elementor-element-7600d87\" data-id=\"7600d87\" data-element_type=\"column\">\n\t\t\t<div class=\"elementor-widget-wrap elementor-element-populated\">\n\t\t\t\t\t\t\t\t<div class=\"elementor-element elementor-element-1aae38a elementor-widget elementor-widget-heading\" data-id=\"1aae38a\" data-element_type=\"widget\" data-widget_type=\"heading.default\">\n\t\t\t\t<div class=\"elementor-widget-container\">\n\t\t\t<h2 class=\"elementor-heading-title elementor-size-default\">Contact information<\/h2>\t\t<\/div>\n\t\t\t\t<\/div>\n\t\t\t\t\t<\/div>\n\t\t<\/div>\n\t\t\t\t\t\t\t<\/div>\n\t\t<\/section>\n\t\t\t\t\t\t\t<\/div>","protected":false},"excerpt":{"rendered":"<p>Previous Next El Estudio Jur\u00eddico Maya y Asociados, fue fundado por el Dr. Ignacio Maya Mi\u00f1o, en el mes de Abril de 1950 en la ciudad de Quito. La tradici\u00f3n de abogados y la condici\u00f3n de excepcionales procesalistas ha sido seguida por sus hijos Julio Maya Rivadeneira y Germ\u00e1nico Maya Rivadeneira,y ahora por sus nietos &hellip;<\/p>\n<p class=\"read-more\"> <a class=\"\" href=\"https:\/\/estudiojuridicomaya.com\/en\/\"> <span class=\"screen-reader-text\">Home<\/span> Read More &raquo;<\/a><\/p>","protected":false},"author":1,"featured_media":0,"parent":0,"menu_order":0,"comment_status":"closed","ping_status":"closed","template":"","meta":[],"_links":{"self":[{"href":"https:\/\/estudiojuridicomaya.com\/en\/wp-json\/wp\/v2\/pages\/819"}],"collection":[{"href":"https:\/\/estudiojuridicomaya.com\/en\/wp-json\/wp\/v2\/pages"}],"about":[{"href":"https:\/\/estudiojuridicomaya.com\/en\/wp-json\/wp\/v2\/types\/page"}],"author":[{"embeddable":true,"href":"https:\/\/estudiojuridicomaya.com\/en\/wp-json\/wp\/v2\/users\/1"}],"replies":[{"embeddable":true,"href":"https:\/\/estudiojuridicomaya.com\/en\/wp-json\/wp\/v2\/comments?post=819"}],"version-history":[{"count":96,"href":"https:\/\/estudiojuridicomaya.com\/en\/wp-json\/wp\/v2\/pages\/819\/revisions"}],"predecessor-version":[{"id":1724,"href":"https:\/\/estudiojuridicomaya.com\/en\/wp-json\/wp\/v2\/pages\/819\/revisions\/1724"}],"wp:attachment":[{"href":"https:\/\/estudiojuridicomaya.com\/en\/wp-json\/wp\/v2\/media?parent=819"}],"curies":[{"name":"wp","href":"https:\/\/api.w.org\/{rel}","templated":true}]}}