{"id":1405,"date":"2020-08-02T19:32:29","date_gmt":"2020-08-03T00:32:29","guid":{"rendered":"https:\/\/estudiojuridicomaya.com\/?page_id=1405"},"modified":"2020-09-17T15:59:45","modified_gmt":"2020-09-17T20:59:45","slug":"servicios","status":"publish","type":"page","link":"https:\/\/estudiojuridicomaya.com\/en\/servicios\/","title":{"rendered":"Areas of practice"},"content":{"rendered":"<div data-elementor-type=\"wp-page\" data-elementor-id=\"1405\" class=\"elementor elementor-1405\">\n\t\t\t\t\t\t\t\t\t<section class=\"elementor-section elementor-top-section elementor-element elementor-element-5190333 elementor-section-full_width elementor-section-height-default elementor-section-height-default\" data-id=\"5190333\" data-element_type=\"section\">\n\t\t\t\t\t\t<div class=\"elementor-container elementor-column-gap-default\">\n\t\t\t\t\t<div class=\"elementor-column elementor-col-100 elementor-top-column elementor-element elementor-element-f2b2c9b\" data-id=\"f2b2c9b\" data-element_type=\"column\">\n\t\t\t<div class=\"elementor-widget-wrap elementor-element-populated\">\n\t\t\t\t\t\t\t\t<div class=\"elementor-element elementor-element-76eedbf elementor-widget elementor-widget-image\" data-id=\"76eedbf\" data-element_type=\"widget\" data-widget_type=\"image.default\">\n\t\t\t\t<div class=\"elementor-widget-container\">\n\t\t\t\t\t\t\t\t\t\t\t\t\t\t\t<img decoding=\"async\" width=\"1024\" height=\"367\" src=\"https:\/\/i0.wp.com\/estudiojuridicomaya.com\/wp-content\/uploads\/2020\/08\/Glossy-Logo-Mockup-Free-copia.jpg?fit=1024%2C367&amp;ssl=1\" class=\"attachment-large size-large wp-image-1531\" alt=\"\" loading=\"lazy\" srcset=\"https:\/\/i0.wp.com\/estudiojuridicomaya.com\/wp-content\/uploads\/2020\/08\/Glossy-Logo-Mockup-Free-copia.jpg?w=1116&amp;ssl=1 1116w, https:\/\/i0.wp.com\/estudiojuridicomaya.com\/wp-content\/uploads\/2020\/08\/Glossy-Logo-Mockup-Free-copia.jpg?resize=300%2C108&amp;ssl=1 300w, https:\/\/i0.wp.com\/estudiojuridicomaya.com\/wp-content\/uploads\/2020\/08\/Glossy-Logo-Mockup-Free-copia.jpg?resize=1024%2C367&amp;ssl=1 1024w, https:\/\/i0.wp.com\/estudiojuridicomaya.com\/wp-content\/uploads\/2020\/08\/Glossy-Logo-Mockup-Free-copia.jpg?resize=768%2C275&amp;ssl=1 768w, https:\/\/i0.wp.com\/estudiojuridicomaya.com\/wp-content\/uploads\/2020\/08\/Glossy-Logo-Mockup-Free-copia.jpg?resize=600%2C215&amp;ssl=1 600w\" sizes=\"(max-width: 1000px) 100vw, 1000px\" \/>\t\t\t\t\t\t\t\t\t\t\t\t\t\t\t<\/div>\n\t\t\t\t<\/div>\n\t\t\t\t\t<\/div>\n\t\t<\/div>\n\t\t\t\t\t\t\t<\/div>\n\t\t<\/section>\n\t\t\t\t<section class=\"elementor-section elementor-top-section elementor-element elementor-element-6e1f3bf1 elementor-section-boxed elementor-section-height-default elementor-section-height-default\" data-id=\"6e1f3bf1\" data-element_type=\"section\">\n\t\t\t\t\t\t<div class=\"elementor-container elementor-column-gap-default\">\n\t\t\t\t\t<div class=\"elementor-column elementor-col-100 elementor-top-column elementor-element elementor-element-4e1da4f9\" data-id=\"4e1da4f9\" data-element_type=\"column\">\n\t\t\t<div class=\"elementor-widget-wrap elementor-element-populated\">\n\t\t\t\t\t\t\t\t<div class=\"elementor-element elementor-element-2c05b90c elementor-widget elementor-widget-text-editor\" data-id=\"2c05b90c\" data-element_type=\"widget\" data-widget_type=\"text-editor.default\">\n\t\t\t\t<div class=\"elementor-widget-container\">\n\t\t\t\t\t\t\t<p>Maya &amp; Asociados is one of the most traditional and prominent firms in Ecuador. Our lawyers are leaders in the practice of law. The main areas of practice at the firm are the following:<\/p>\t\t\t\t\t\t<\/div>\n\t\t\t\t<\/div>\n\t\t\t\t\t<\/div>\n\t\t<\/div>\n\t\t\t\t\t\t\t<\/div>\n\t\t<\/section>\n\t\t\t\t<section class=\"elementor-section elementor-top-section elementor-element elementor-element-7bbcf08 elementor-section-boxed elementor-section-height-default elementor-section-height-default\" data-id=\"7bbcf08\" data-element_type=\"section\">\n\t\t\t\t\t\t<div class=\"elementor-container elementor-column-gap-default\">\n\t\t\t\t\t<div class=\"elementor-column elementor-col-100 elementor-top-column elementor-element elementor-element-46bfbff\" data-id=\"46bfbff\" data-element_type=\"column\">\n\t\t\t<div class=\"elementor-widget-wrap\">\n\t\t\t\t\t\t\t\t\t<\/div>\n\t\t<\/div>\n\t\t\t\t\t\t\t<\/div>\n\t\t<\/section>\n\t\t\t\t\t\t\t<\/div>","protected":false},"excerpt":{"rendered":"<p>Estudio Jur\u00eddico Maya presta asesor\u00eda jur\u00eddica integral a sus clientes. Nuestros abogados son reconocidos como l\u00edderes en el Ecuador tanto en litigios y arbitrajes complejos, como en asuntos corporativos. La firma tiene una amplia experiencia en varias \u00e1reas del derecho, como Derecho Penal Econ\u00f3mico; Derecho Civil; Fusiones y Adquisiciones; Derecho de la Competencia; Banca, Finanzas &hellip;<\/p>\n<p class=\"read-more\"> <a class=\"\" href=\"https:\/\/estudiojuridicomaya.com\/en\/servicios\/\"> <span class=\"screen-reader-text\">Areas of practice<\/span> Read More &raquo;<\/a><\/p>","protected":false},"author":1,"featured_media":0,"parent":0,"menu_order":0,"comment_status":"closed","ping_status":"closed","template":"","meta":[],"_links":{"self":[{"href":"https:\/\/estudiojuridicomaya.com\/en\/wp-json\/wp\/v2\/pages\/1405"}],"collection":[{"href":"https:\/\/estudiojuridicomaya.com\/en\/wp-json\/wp\/v2\/pages"}],"about":[{"href":"https:\/\/estudiojuridicomaya.com\/en\/wp-json\/wp\/v2\/types\/page"}],"author":[{"embeddable":true,"href":"https:\/\/estudiojuridicomaya.com\/en\/wp-json\/wp\/v2\/users\/1"}],"replies":[{"embeddable":true,"href":"https:\/\/estudiojuridicomaya.com\/en\/wp-json\/wp\/v2\/comments?post=1405"}],"version-history":[{"count":12,"href":"https:\/\/estudiojuridicomaya.com\/en\/wp-json\/wp\/v2\/pages\/1405\/revisions"}],"predecessor-version":[{"id":1725,"href":"https:\/\/estudiojuridicomaya.com\/en\/wp-json\/wp\/v2\/pages\/1405\/revisions\/1725"}],"wp:attachment":[{"href":"https:\/\/estudiojuridicomaya.com\/en\/wp-json\/wp\/v2\/media?parent=1405"}],"curies":[{"name":"wp","href":"https:\/\/api.w.org\/{rel}","templated":true}]}}