{"id":1227,"date":"2020-08-01T20:41:18","date_gmt":"2020-08-02T01:41:18","guid":{"rendered":"https:\/\/estudiojuridicomaya.com\/?page_id=1227"},"modified":"2020-08-21T12:31:21","modified_gmt":"2020-08-21T17:31:21","slug":"abogados","status":"publish","type":"page","link":"https:\/\/estudiojuridicomaya.com\/en\/abogados\/","title":{"rendered":"Team"},"content":{"rendered":"<div data-elementor-type=\"wp-page\" data-elementor-id=\"1227\" class=\"elementor elementor-1227\">\n\t\t\t\t\t\t\t\t\t<section class=\"elementor-section elementor-top-section elementor-element elementor-element-df536e9 elementor-section-boxed elementor-section-height-default elementor-section-height-default\" data-id=\"df536e9\" data-element_type=\"section\">\n\t\t\t\t\t\t<div class=\"elementor-container elementor-column-gap-default\">\n\t\t\t\t\t<div class=\"elementor-column elementor-col-100 elementor-top-column elementor-element elementor-element-5544288\" data-id=\"5544288\" data-element_type=\"column\">\n\t\t\t<div class=\"elementor-widget-wrap elementor-element-populated\">\n\t\t\t\t\t\t\t\t<div class=\"elementor-element elementor-element-41b5aa2 elementor-widget elementor-widget-heading\" data-id=\"41b5aa2\" data-element_type=\"widget\" data-widget_type=\"heading.default\">\n\t\t\t\t<div class=\"elementor-widget-container\">\n\t\t\t<h2 class=\"elementor-heading-title elementor-size-default\">OUR TEAM <\/h2>\t\t<\/div>\n\t\t\t\t<\/div>\n\t\t\t\t<div class=\"elementor-element elementor-element-238d3fe elementor-widget elementor-widget-text-editor\" data-id=\"238d3fe\" data-element_type=\"widget\" data-widget_type=\"text-editor.default\">\n\t\t\t\t<div class=\"elementor-widget-container\">\n\t\t\t\t\t\t\t<p style=\"text-align: left;\">Our attorneys are experts in the firm's practice areas and provide legal services with the highest standards of excellence. Our team is used to working with lawyers and clients from foreign jurisdictions, which allows us to adequately respond to their needs with the standards they expect.<\/p>\t\t\t\t\t\t<\/div>\n\t\t\t\t<\/div>\n\t\t\t\t\t<\/div>\n\t\t<\/div>\n\t\t\t\t\t\t\t<\/div>\n\t\t<\/section>\n\t\t\t\t<section class=\"elementor-section elementor-top-section elementor-element elementor-element-cc296b7 elementor-section-boxed elementor-section-height-default elementor-section-height-default\" data-id=\"cc296b7\" data-element_type=\"section\">\n\t\t\t\t\t\t<div class=\"elementor-container elementor-column-gap-default\">\n\t\t\t\t\t<div class=\"elementor-column elementor-col-100 elementor-top-column elementor-element elementor-element-8cdc8cb\" data-id=\"8cdc8cb\" data-element_type=\"column\">\n\t\t\t<div class=\"elementor-widget-wrap\">\n\t\t\t\t\t\t\t\t\t<\/div>\n\t\t<\/div>\n\t\t\t\t\t\t\t<\/div>\n\t\t<\/section>\n\t\t\t\t\t\t\t<\/div>","protected":false},"excerpt":{"rendered":"<p>Nuestro Equipo Nuestros abogados son expertos en las \u00e1reas de pr\u00e1ctica de la firma y prestan servicios jur\u00eddicos con los m\u00e1s altos est\u00e1ndares de excelencia. Nuestro equipo est\u00e1 acostumbrado a trabajar con abogados y clientes de jurisdicciones extranjeras, lo que nos permite responder adecuadamente a sus necesidades con los est\u00e1ndares que ellos esperan.<\/p>","protected":false},"author":1,"featured_media":1228,"parent":0,"menu_order":0,"comment_status":"closed","ping_status":"closed","template":"elementor_canvas","meta":[],"_links":{"self":[{"href":"https:\/\/estudiojuridicomaya.com\/en\/wp-json\/wp\/v2\/pages\/1227"}],"collection":[{"href":"https:\/\/estudiojuridicomaya.com\/en\/wp-json\/wp\/v2\/pages"}],"about":[{"href":"https:\/\/estudiojuridicomaya.com\/en\/wp-json\/wp\/v2\/types\/page"}],"author":[{"embeddable":true,"href":"https:\/\/estudiojuridicomaya.com\/en\/wp-json\/wp\/v2\/users\/1"}],"replies":[{"embeddable":true,"href":"https:\/\/estudiojuridicomaya.com\/en\/wp-json\/wp\/v2\/comments?post=1227"}],"version-history":[{"count":14,"href":"https:\/\/estudiojuridicomaya.com\/en\/wp-json\/wp\/v2\/pages\/1227\/revisions"}],"predecessor-version":[{"id":1665,"href":"https:\/\/estudiojuridicomaya.com\/en\/wp-json\/wp\/v2\/pages\/1227\/revisions\/1665"}],"wp:featuredmedia":[{"embeddable":true,"href":"https:\/\/estudiojuridicomaya.com\/en\/wp-json\/wp\/v2\/media\/1228"}],"wp:attachment":[{"href":"https:\/\/estudiojuridicomaya.com\/en\/wp-json\/wp\/v2\/media?parent=1227"}],"curies":[{"name":"wp","href":"https:\/\/api.w.org\/{rel}","templated":true}]}}